{"id":2032,"date":"2025-05-09T11:29:22","date_gmt":"2025-05-09T09:29:22","guid":{"rendered":"https:\/\/kita-dreckspatz.de\/?page_id=2032"},"modified":"2025-05-09T11:51:11","modified_gmt":"2025-05-09T09:51:11","slug":"shop","status":"publish","type":"page","link":"https:\/\/kita-dreckspatz.de\/en\/shop\/","title":{"rendered":"Shop"},"content":{"rendered":"<div data-elementor-type=\"wp-page\" data-elementor-id=\"2032\" class=\"elementor elementor-2032\" data-elementor-post-type=\"page\">\n\t\t\t\t<div class=\"elementor-element elementor-element-66fec6d e-flex e-con-boxed e-con e-parent\" data-id=\"66fec6d\" data-element_type=\"container\" data-e-type=\"container\">\n\t\t\t\t\t<div class=\"e-con-inner\">\n\t\t\t\t<div class=\"elementor-element elementor-element-e91cbec elementor-widget elementor-widget-heading\" data-id=\"e91cbec\" data-element_type=\"widget\" data-e-type=\"widget\" data-widget_type=\"heading.default\">\n\t\t\t\t<div class=\"elementor-widget-container\">\n\t\t\t\t\t<h2 class=\"elementor-heading-title elementor-size-default\">Zeig', dass Du ein Dreckspatz bist!<\/h2>\t\t\t\t<\/div>\n\t\t\t\t<\/div>\n\t\t\t\t<div class=\"elementor-element elementor-element-123c2bd elementor-widget elementor-widget-text-editor\" data-id=\"123c2bd\" data-element_type=\"widget\" data-e-type=\"widget\" data-widget_type=\"text-editor.default\">\n\t\t\t\t<div class=\"elementor-widget-container\">\n\t\t\t\t\t\t\t\t\t<p>Endlich k\u00f6nnt ihr wieder Dreckspatz-Artikel wie T-Shirts, Turnbeutel oder Caps bestellen!<br \/>Ihr k\u00f6nnt euch die Artikel kostenlos in die Kita liefern lassen. Wahlweise ist f\u00fcr 5,95\u20ac auch eine Lieferung zu euch nach Hause m\u00f6glich.<br \/>Die Versandart w\u00e4hlt ihr einfach nach Erstellen des Kundenkontos im letzten Bestellschritt aus.<\/p><p>Viel Spa\u00df beim Shoppen!<\/p>\t\t\t\t\t\t\t\t<\/div>\n\t\t\t\t<\/div>\n\t\t\t\t<div class=\"elementor-element elementor-element-8087437 elementor-cta--layout-image-above elementor-cta--mobile-layout-image-above elementor-cta--skin-classic elementor-animated-content elementor-bg-transform elementor-bg-transform-zoom-in elementor-widget elementor-widget-call-to-action\" data-id=\"8087437\" data-element_type=\"widget\" data-e-type=\"widget\" data-widget_type=\"call-to-action.default\">\n\t\t\t\t<div class=\"elementor-widget-container\">\n\t\t\t\t\t\t\t<a class=\"elementor-cta\" href=\"https:\/\/shop.cologne-sport.de\/KitaDreckspatz\/\" target=\"_blank\">\n\t\t\t\t\t<div class=\"elementor-cta__bg-wrapper\">\n\t\t\t\t<div class=\"elementor-cta__bg elementor-bg\" style=\"background-image: url(https:\/\/kita-dreckspatz.de\/wp-content\/uploads\/2025\/05\/shop-startseite-1024x467.jpg);\" role=\"img\" aria-label=\"shop-startseite\"><\/div>\n\t\t\t\t<div class=\"elementor-cta__bg-overlay\"><\/div>\n\t\t\t<\/div>\n\t\t\t\t\t\t\t<div class=\"elementor-cta__content\">\n\t\t\t\t\n\t\t\t\t\n\t\t\t\t\n\t\t\t\t\t\t\t\t\t<div class=\"elementor-cta__button-wrapper elementor-cta__content-item elementor-content-item\">\n\t\t\t\t\t<span class=\"elementor-cta__button elementor-button elementor-size-\">\n\t\t\t\t\t\tHier geht's zum Shop!\t\t\t\t\t<\/span>\n\t\t\t\t\t<\/div>\n\t\t\t\t\t\t\t<\/div>\n\t\t\t\t\t\t<\/a>\n\t\t\t\t\t\t<\/div>\n\t\t\t\t<\/div>\n\t\t\t\t\t<\/div>\n\t\t\t\t<\/div>\n\t\t<div class=\"elementor-element elementor-element-ddfbbe5 e-flex e-con-boxed e-con e-parent\" data-id=\"ddfbbe5\" data-element_type=\"container\" data-e-type=\"container\">\n\t\t\t\t\t<div class=\"e-con-inner\">\n\t\t\t\t\t<\/div>\n\t\t\t\t<\/div>\n\t\t\t\t<\/div>","protected":false},"excerpt":{"rendered":"<p>Zeig&#8216;, dass Du ein Dreckspatz bist! Endlich k\u00f6nnt ihr wieder Dreckspatz-Artikel wie T-Shirts, Turnbeutel oder Caps bestellen!Ihr k\u00f6nnt euch die Artikel kostenlos in die Kita liefern lassen. Wahlweise ist f\u00fcr 5,95\u20ac auch eine Lieferung zu euch nach Hause m\u00f6glich.Die Versandart w\u00e4hlt ihr einfach nach Erstellen des Kundenkontos im letzten Bestellschritt aus. Viel Spa\u00df beim Shoppen! [&hellip;]<\/p>\n","protected":false},"author":1,"featured_media":0,"parent":0,"menu_order":0,"comment_status":"closed","ping_status":"closed","template":"","meta":{"footnotes":""},"class_list":["post-2032","page","type-page","status-publish","hentry"],"yoast_head":"<!-- This site is optimized with the Yoast SEO plugin v27.4 - https:\/\/yoast.com\/product\/yoast-seo-wordpress\/ -->\n<title>Shop - KITA Dreckspatz<\/title>\n<meta name=\"robots\" content=\"index, follow, max-snippet:-1, max-image-preview:large, max-video-preview:-1\" \/>\n<link rel=\"canonical\" href=\"https:\/\/kita-dreckspatz.de\/en\/shop\/\" \/>\n<meta property=\"og:locale\" content=\"en_US\" \/>\n<meta property=\"og:type\" content=\"article\" \/>\n<meta property=\"og:title\" content=\"Shop - KITA Dreckspatz\" \/>\n<meta property=\"og:description\" content=\"Zeig&#8216;, dass Du ein Dreckspatz bist! Endlich k\u00f6nnt ihr wieder Dreckspatz-Artikel wie T-Shirts, Turnbeutel oder Caps bestellen!Ihr k\u00f6nnt euch die Artikel kostenlos in die Kita liefern lassen. Wahlweise ist f\u00fcr 5,95\u20ac auch eine Lieferung zu euch nach Hause m\u00f6glich.Die Versandart w\u00e4hlt ihr einfach nach Erstellen des Kundenkontos im letzten Bestellschritt aus. Viel Spa\u00df beim Shoppen! [&hellip;]\" \/>\n<meta property=\"og:url\" content=\"https:\/\/kita-dreckspatz.de\/en\/shop\/\" \/>\n<meta property=\"og:site_name\" content=\"KITA Dreckspatz\" \/>\n<meta property=\"article:modified_time\" content=\"2025-05-09T09:51:11+00:00\" \/>\n<meta name=\"twitter:card\" content=\"summary_large_image\" \/>\n<meta name=\"twitter:label1\" content=\"Est. reading time\" \/>\n\t<meta name=\"twitter:data1\" content=\"1 minute\" \/>\n<script type=\"application\/ld+json\" class=\"yoast-schema-graph\">{\"@context\":\"https:\\\/\\\/schema.org\",\"@graph\":[{\"@type\":\"WebPage\",\"@id\":\"https:\\\/\\\/kita-dreckspatz.de\\\/shop\\\/\",\"url\":\"https:\\\/\\\/kita-dreckspatz.de\\\/shop\\\/\",\"name\":\"Shop - KITA Dreckspatz\",\"isPartOf\":{\"@id\":\"https:\\\/\\\/kita-dreckspatz.de\\\/#website\"},\"datePublished\":\"2025-05-09T09:29:22+00:00\",\"dateModified\":\"2025-05-09T09:51:11+00:00\",\"breadcrumb\":{\"@id\":\"https:\\\/\\\/kita-dreckspatz.de\\\/shop\\\/#breadcrumb\"},\"inLanguage\":\"en-US\",\"potentialAction\":[{\"@type\":\"ReadAction\",\"target\":[\"https:\\\/\\\/kita-dreckspatz.de\\\/shop\\\/\"]}]},{\"@type\":\"BreadcrumbList\",\"@id\":\"https:\\\/\\\/kita-dreckspatz.de\\\/shop\\\/#breadcrumb\",\"itemListElement\":[{\"@type\":\"ListItem\",\"position\":1,\"name\":\"Startseite\",\"item\":\"https:\\\/\\\/kita-dreckspatz.de\\\/\"},{\"@type\":\"ListItem\",\"position\":2,\"name\":\"Shop\"}]},{\"@type\":\"WebSite\",\"@id\":\"https:\\\/\\\/kita-dreckspatz.de\\\/#website\",\"url\":\"https:\\\/\\\/kita-dreckspatz.de\\\/\",\"name\":\"KITA Dreckspatz\",\"description\":\"\",\"publisher\":{\"@id\":\"https:\\\/\\\/kita-dreckspatz.de\\\/#organization\"},\"potentialAction\":[{\"@type\":\"SearchAction\",\"target\":{\"@type\":\"EntryPoint\",\"urlTemplate\":\"https:\\\/\\\/kita-dreckspatz.de\\\/?s={search_term_string}\"},\"query-input\":{\"@type\":\"PropertyValueSpecification\",\"valueRequired\":true,\"valueName\":\"search_term_string\"}}],\"inLanguage\":\"en-US\"},{\"@type\":\"Organization\",\"@id\":\"https:\\\/\\\/kita-dreckspatz.de\\\/#organization\",\"name\":\"KITA Dreckspatz\",\"url\":\"https:\\\/\\\/kita-dreckspatz.de\\\/\",\"logo\":{\"@type\":\"ImageObject\",\"inLanguage\":\"en-US\",\"@id\":\"https:\\\/\\\/kita-dreckspatz.de\\\/#\\\/schema\\\/logo\\\/image\\\/\",\"url\":\"https:\\\/\\\/kita-dreckspatz.de\\\/wp-content\\\/uploads\\\/2022\\\/08\\\/kindergarten4_2.png\",\"contentUrl\":\"https:\\\/\\\/kita-dreckspatz.de\\\/wp-content\\\/uploads\\\/2022\\\/08\\\/kindergarten4_2.png\",\"width\":164,\"height\":62,\"caption\":\"KITA Dreckspatz\"},\"image\":{\"@id\":\"https:\\\/\\\/kita-dreckspatz.de\\\/#\\\/schema\\\/logo\\\/image\\\/\"}}]}<\/script>\n<!-- \/ Yoast SEO plugin. -->","yoast_head_json":{"title":"Shop - KITA Dreckspatz","robots":{"index":"index","follow":"follow","max-snippet":"max-snippet:-1","max-image-preview":"max-image-preview:large","max-video-preview":"max-video-preview:-1"},"canonical":"https:\/\/kita-dreckspatz.de\/en\/shop\/","og_locale":"en_US","og_type":"article","og_title":"Shop - KITA Dreckspatz","og_description":"Zeig&#8216;, dass Du ein Dreckspatz bist! Endlich k\u00f6nnt ihr wieder Dreckspatz-Artikel wie T-Shirts, Turnbeutel oder Caps bestellen!Ihr k\u00f6nnt euch die Artikel kostenlos in die Kita liefern lassen. Wahlweise ist f\u00fcr 5,95\u20ac auch eine Lieferung zu euch nach Hause m\u00f6glich.Die Versandart w\u00e4hlt ihr einfach nach Erstellen des Kundenkontos im letzten Bestellschritt aus. Viel Spa\u00df beim Shoppen! [&hellip;]","og_url":"https:\/\/kita-dreckspatz.de\/en\/shop\/","og_site_name":"KITA Dreckspatz","article_modified_time":"2025-05-09T09:51:11+00:00","twitter_card":"summary_large_image","twitter_misc":{"Est. reading time":"1 minute"},"schema":{"@context":"https:\/\/schema.org","@graph":[{"@type":"WebPage","@id":"https:\/\/kita-dreckspatz.de\/shop\/","url":"https:\/\/kita-dreckspatz.de\/shop\/","name":"Shop - KITA Dreckspatz","isPartOf":{"@id":"https:\/\/kita-dreckspatz.de\/#website"},"datePublished":"2025-05-09T09:29:22+00:00","dateModified":"2025-05-09T09:51:11+00:00","breadcrumb":{"@id":"https:\/\/kita-dreckspatz.de\/shop\/#breadcrumb"},"inLanguage":"en-US","potentialAction":[{"@type":"ReadAction","target":["https:\/\/kita-dreckspatz.de\/shop\/"]}]},{"@type":"BreadcrumbList","@id":"https:\/\/kita-dreckspatz.de\/shop\/#breadcrumb","itemListElement":[{"@type":"ListItem","position":1,"name":"Startseite","item":"https:\/\/kita-dreckspatz.de\/"},{"@type":"ListItem","position":2,"name":"Shop"}]},{"@type":"WebSite","@id":"https:\/\/kita-dreckspatz.de\/#website","url":"https:\/\/kita-dreckspatz.de\/","name":"KITA Dreckspatz","description":"","publisher":{"@id":"https:\/\/kita-dreckspatz.de\/#organization"},"potentialAction":[{"@type":"SearchAction","target":{"@type":"EntryPoint","urlTemplate":"https:\/\/kita-dreckspatz.de\/?s={search_term_string}"},"query-input":{"@type":"PropertyValueSpecification","valueRequired":true,"valueName":"search_term_string"}}],"inLanguage":"en-US"},{"@type":"Organization","@id":"https:\/\/kita-dreckspatz.de\/#organization","name":"KITA Dreckspatz","url":"https:\/\/kita-dreckspatz.de\/","logo":{"@type":"ImageObject","inLanguage":"en-US","@id":"https:\/\/kita-dreckspatz.de\/#\/schema\/logo\/image\/","url":"https:\/\/kita-dreckspatz.de\/wp-content\/uploads\/2022\/08\/kindergarten4_2.png","contentUrl":"https:\/\/kita-dreckspatz.de\/wp-content\/uploads\/2022\/08\/kindergarten4_2.png","width":164,"height":62,"caption":"KITA Dreckspatz"},"image":{"@id":"https:\/\/kita-dreckspatz.de\/#\/schema\/logo\/image\/"}}]}},"_links":{"self":[{"href":"https:\/\/kita-dreckspatz.de\/en\/wp-json\/wp\/v2\/pages\/2032","targetHints":{"allow":["GET"]}}],"collection":[{"href":"https:\/\/kita-dreckspatz.de\/en\/wp-json\/wp\/v2\/pages"}],"about":[{"href":"https:\/\/kita-dreckspatz.de\/en\/wp-json\/wp\/v2\/types\/page"}],"author":[{"embeddable":true,"href":"https:\/\/kita-dreckspatz.de\/en\/wp-json\/wp\/v2\/users\/1"}],"replies":[{"embeddable":true,"href":"https:\/\/kita-dreckspatz.de\/en\/wp-json\/wp\/v2\/comments?post=2032"}],"version-history":[{"count":13,"href":"https:\/\/kita-dreckspatz.de\/en\/wp-json\/wp\/v2\/pages\/2032\/revisions"}],"predecessor-version":[{"id":2048,"href":"https:\/\/kita-dreckspatz.de\/en\/wp-json\/wp\/v2\/pages\/2032\/revisions\/2048"}],"wp:attachment":[{"href":"https:\/\/kita-dreckspatz.de\/en\/wp-json\/wp\/v2\/media?parent=2032"}],"curies":[{"name":"wp","href":"https:\/\/api.w.org\/{rel}","templated":true}]}}