{"id":1413,"date":"2023-01-12T10:50:36","date_gmt":"2023-01-12T09:50:36","guid":{"rendered":"https:\/\/kita-dreckspatz.de\/?page_id=1413"},"modified":"2024-03-13T06:50:30","modified_gmt":"2024-03-13T05:50:30","slug":"mitmachen-spenden","status":"publish","type":"page","link":"https:\/\/kita-dreckspatz.de\/en\/mitmachen-spenden\/","title":{"rendered":"Mitmachen &#038; Spenden"},"content":{"rendered":"<div data-elementor-type=\"wp-page\" data-elementor-id=\"1413\" class=\"elementor elementor-1413\" data-elementor-post-type=\"page\">\n\t\t\t\t\t\t<section class=\"elementor-section elementor-top-section elementor-element elementor-element-d170817 elementor-section-boxed elementor-section-height-default elementor-section-height-default\" data-id=\"d170817\" data-element_type=\"section\" data-e-type=\"section\">\n\t\t\t\t\t\t<div class=\"elementor-container elementor-column-gap-default\">\n\t\t\t\t\t<div class=\"elementor-column elementor-col-100 elementor-top-column elementor-element elementor-element-00b360f\" data-id=\"00b360f\" data-element_type=\"column\" data-e-type=\"column\">\n\t\t\t<div class=\"elementor-widget-wrap elementor-element-populated\">\n\t\t\t\t\t\t<div class=\"elementor-element elementor-element-9e9aafe elementor-widget elementor-widget-heading\" data-id=\"9e9aafe\" data-element_type=\"widget\" data-e-type=\"widget\" data-widget_type=\"heading.default\">\n\t\t\t\t<div class=\"elementor-widget-container\">\n\t\t\t\t\t<h2 class=\"elementor-heading-title elementor-size-default\">Mitmachen und Spenden<\/h2>\t\t\t\t<\/div>\n\t\t\t\t<\/div>\n\t\t\t\t\t<\/div>\n\t\t<\/div>\n\t\t\t\t\t<\/div>\n\t\t<\/section>\n\t\t\t\t<section class=\"elementor-section elementor-top-section elementor-element elementor-element-7a848f4 elementor-section-boxed elementor-section-height-default elementor-section-height-default\" data-id=\"7a848f4\" data-element_type=\"section\" data-e-type=\"section\">\n\t\t\t\t\t\t<div class=\"elementor-container elementor-column-gap-default\">\n\t\t\t\t\t<div class=\"elementor-column elementor-col-100 elementor-top-column elementor-element elementor-element-05cf2c0\" data-id=\"05cf2c0\" data-element_type=\"column\" data-e-type=\"column\">\n\t\t\t<div class=\"elementor-widget-wrap elementor-element-populated\">\n\t\t\t\t\t\t<div class=\"elementor-element elementor-element-47c24ec elementor-widget elementor-widget-text-editor\" data-id=\"47c24ec\" data-element_type=\"widget\" data-e-type=\"widget\" data-widget_type=\"text-editor.default\">\n\t\t\t\t<div class=\"elementor-widget-container\">\n\t\t\t\t\t\t\t\t\t<p><span style=\"text-decoration: underline;\"><strong>The Dreckspatzen are always happy to receive donations of money and goods.<\/strong><\/span><\/p><p>F\u00fcr Ihre\/ eure Spende verwendet bitte folgende Kontoverbindung:<\/p>\t\t\t\t\t\t\t\t<\/div>\n\t\t\t\t<\/div>\n\t\t\t\t<div class=\"elementor-element elementor-element-0733adc elementor-icon-list--layout-traditional elementor-list-item-link-full_width elementor-widget elementor-widget-icon-list\" data-id=\"0733adc\" data-element_type=\"widget\" data-e-type=\"widget\" data-widget_type=\"icon-list.default\">\n\t\t\t\t<div class=\"elementor-widget-container\">\n\t\t\t\t\t\t\t<ul class=\"elementor-icon-list-items\">\n\t\t\t\t\t\t\t<li class=\"elementor-icon-list-item\">\n\t\t\t\t\t\t\t\t\t\t<span class=\"elementor-icon-list-text\">Empf\u00e4nger: <span title=\"In die Zwischenablage kopieren\" class=\"link\">Kindertagesst\u00e4tte Dreckspatz e.V.<\/span><\/span>\n\t\t\t\t\t\t\t\t\t<\/li>\n\t\t\t\t\t\t\t\t<li class=\"elementor-icon-list-item\">\n\t\t\t\t\t\t\t\t\t\t<span class=\"elementor-icon-list-text\">Bank: <span title=\"In die Zwischenablage kopieren\" class=\"link\">Kreissparkasse K\u00f6ln<\/span><\/span>\n\t\t\t\t\t\t\t\t\t<\/li>\n\t\t\t\t\t\t\t\t<li class=\"elementor-icon-list-item\">\n\t\t\t\t\t\t\t\t\t\t<span class=\"elementor-icon-list-text\">IBAN: <span title=\"In die Zwischenablage kopieren\" class=\"link\" style=\"white-space:nowrap\">DE52 3705 0299 0365 5542 59<\/span><\/span>\n\t\t\t\t\t\t\t\t\t<\/li>\n\t\t\t\t\t\t\t\t<li class=\"elementor-icon-list-item\">\n\t\t\t\t\t\t\t\t\t\t<span class=\"elementor-icon-list-text\">BIC: <span title=\"In die Zwischenablage kopieren\" class=\"link\">COKSDE33XXX<\/span><\/span>\n\t\t\t\t\t\t\t\t\t<\/li>\n\t\t\t\t\t\t\t\t<li class=\"elementor-icon-list-item\">\n\t\t\t\t\t\t\t\t\t\t<span class=\"elementor-icon-list-text\">Verwendungszweck: <span title=\"In die Zwischenablage kopieren\">Spende (+ Name und Adresse f\u00fcr die Spendenquittung)<\/span><\/span>\n\t\t\t\t\t\t\t\t\t<\/li>\n\t\t\t\t\t\t<\/ul>\n\t\t\t\t\t\t<\/div>\n\t\t\t\t<\/div>\n\t\t\t\t<div class=\"elementor-element elementor-element-e10b5ab elementor-widget elementor-widget-text-editor\" data-id=\"e10b5ab\" data-element_type=\"widget\" data-e-type=\"widget\" data-widget_type=\"text-editor.default\">\n\t\t\t\t<div class=\"elementor-widget-container\">\n\t\t\t\t\t\t\t\t\t<p>We are happy to accept donations in kind in advance via photos by e-mail or WhatsApp.\u00a0<\/p>\t\t\t\t\t\t\t\t<\/div>\n\t\t\t\t<\/div>\n\t\t<div class=\"elementor-element elementor-element-e4ed578 e-flex e-con-boxed e-con e-parent\" data-id=\"e4ed578\" data-element_type=\"container\" data-e-type=\"container\">\n\t\t\t\t\t<div class=\"e-con-inner\">\n\t\t\t\t<div class=\"elementor-element elementor-element-238a6ba elementor-widget elementor-widget-heading\" data-id=\"238a6ba\" data-element_type=\"widget\" data-e-type=\"widget\" data-widget_type=\"heading.default\">\n\t\t\t\t<div class=\"elementor-widget-container\">\n\t\t\t\t\t<h2 class=\"elementor-heading-title elementor-size-default\">Schnell und einfach per PayPal spenden<\/h2>\t\t\t\t<\/div>\n\t\t\t\t<\/div>\n\t\t<div class=\"elementor-element elementor-element-572fb0f e-flex e-con-boxed e-con e-child\" data-id=\"572fb0f\" data-element_type=\"container\" data-e-type=\"container\">\n\t\t\t\t\t<div class=\"e-con-inner\">\n\t\t\t\t<div class=\"elementor-element elementor-element-0e40bc0 elementor-widget elementor-widget-image\" data-id=\"0e40bc0\" data-element_type=\"widget\" data-e-type=\"widget\" data-widget_type=\"image.default\">\n\t\t\t\t<div class=\"elementor-widget-container\">\n\t\t\t\t\t\t\t\t\t\t\t\t\t\t\t\t<a href=\"https:\/\/www.paypal.com\/donate\/?hosted_button_id=KVJWKMMCN7BGG\" target=\"_blank\">\n\t\t\t\t\t\t\t<img fetchpriority=\"high\" decoding=\"async\" width=\"640\" height=\"320\" src=\"https:\/\/kita-dreckspatz.de\/wp-content\/uploads\/2024\/01\/paypal-784404_640.png\" class=\"attachment-large size-large wp-image-1782\" alt=\"\" srcset=\"https:\/\/kita-dreckspatz.de\/wp-content\/uploads\/2024\/01\/paypal-784404_640.png 640w, https:\/\/kita-dreckspatz.de\/wp-content\/uploads\/2024\/01\/paypal-784404_640-300x150.png 300w\" sizes=\"(max-width: 640px) 100vw, 640px\" \/>\t\t\t\t\t\t\t\t<\/a>\n\t\t\t\t\t\t\t\t\t\t\t\t\t\t\t<\/div>\n\t\t\t\t<\/div>\n\t\t\t\t<div class=\"elementor-element elementor-element-02c7033 elementor-widget elementor-widget-image\" data-id=\"02c7033\" data-element_type=\"widget\" data-e-type=\"widget\" data-widget_type=\"image.default\">\n\t\t\t\t<div class=\"elementor-widget-container\">\n\t\t\t\t\t\t\t\t\t\t\t\t\t\t\t<img decoding=\"async\" width=\"153\" height=\"153\" src=\"https:\/\/kita-dreckspatz.de\/wp-content\/uploads\/2024\/01\/Spenden-QR-Code-PayPal.png\" class=\"attachment-large size-large wp-image-1784\" alt=\"\" srcset=\"https:\/\/kita-dreckspatz.de\/wp-content\/uploads\/2024\/01\/Spenden-QR-Code-PayPal.png 153w, https:\/\/kita-dreckspatz.de\/wp-content\/uploads\/2024\/01\/Spenden-QR-Code-PayPal-150x150.png 150w\" sizes=\"(max-width: 153px) 100vw, 153px\" \/>\t\t\t\t\t\t\t\t\t\t\t\t\t\t\t<\/div>\n\t\t\t\t<\/div>\n\t\t\t\t\t<\/div>\n\t\t\t\t<\/div>\n\t\t\t\t\t<\/div>\n\t\t\t\t<\/div>\n\t\t\t\t\t<\/div>\n\t\t<\/div>\n\t\t\t\t\t<\/div>\n\t\t<\/section>\n\t\t<div class=\"elementor-element elementor-element-6099087 e-flex e-con-boxed e-con e-parent\" data-id=\"6099087\" data-element_type=\"container\" data-e-type=\"container\">\n\t\t\t\t\t<div class=\"e-con-inner\">\n\t\t\t\t<div class=\"elementor-element elementor-element-55eed91 elementor-widget elementor-widget-heading\" data-id=\"55eed91\" data-element_type=\"widget\" data-e-type=\"widget\" data-widget_type=\"heading.default\">\n\t\t\t\t<div class=\"elementor-widget-container\">\n\t\t\t\t\t<h2 class=\"elementor-heading-title elementor-size-default\">Spenden vom 30-j\u00e4hrigen Jubil\u00e4um der Kita Dreckspatz<\/h2>\t\t\t\t<\/div>\n\t\t\t\t<\/div>\n\t\t\t\t\t<\/div>\n\t\t\t\t<\/div>\n\t\t<div class=\"elementor-element elementor-element-9325169 e-flex e-con-boxed e-con e-parent\" data-id=\"9325169\" data-element_type=\"container\" data-e-type=\"container\">\n\t\t\t\t\t<div class=\"e-con-inner\">\n\t\t<div class=\"elementor-element elementor-element-874f9b4 e-con-full e-flex e-con e-child\" data-id=\"874f9b4\" data-element_type=\"container\" data-e-type=\"container\">\n\t\t\t\t<div class=\"elementor-element elementor-element-ba33901 elementor-widget elementor-widget-image\" data-id=\"ba33901\" data-element_type=\"widget\" data-e-type=\"widget\" data-widget_type=\"image.default\">\n\t\t\t\t<div class=\"elementor-widget-container\">\n\t\t\t\t\t\t\t\t\t\t\t\t\t\t\t<img decoding=\"async\" width=\"300\" height=\"300\" src=\"https:\/\/kita-dreckspatz.de\/wp-content\/uploads\/2023\/02\/JubilaeumsDreckspatz-300x300.png\" class=\"attachment-medium size-medium wp-image-1495\" alt=\"\" srcset=\"https:\/\/kita-dreckspatz.de\/wp-content\/uploads\/2023\/02\/JubilaeumsDreckspatz-300x300.png 300w, https:\/\/kita-dreckspatz.de\/wp-content\/uploads\/2023\/02\/JubilaeumsDreckspatz-1024x1024.png 1024w, https:\/\/kita-dreckspatz.de\/wp-content\/uploads\/2023\/02\/JubilaeumsDreckspatz-150x150.png 150w, https:\/\/kita-dreckspatz.de\/wp-content\/uploads\/2023\/02\/JubilaeumsDreckspatz-768x768.png 768w, https:\/\/kita-dreckspatz.de\/wp-content\/uploads\/2023\/02\/JubilaeumsDreckspatz-1536x1536.png 1536w, https:\/\/kita-dreckspatz.de\/wp-content\/uploads\/2023\/02\/JubilaeumsDreckspatz-2048x2048.png 2048w\" sizes=\"(max-width: 300px) 100vw, 300px\" \/>\t\t\t\t\t\t\t\t\t\t\t\t\t\t\t<\/div>\n\t\t\t\t<\/div>\n\t\t\t\t<\/div>\n\t\t<div class=\"elementor-element elementor-element-23bf7c6 e-con-full e-flex e-con e-child\" data-id=\"23bf7c6\" data-element_type=\"container\" data-e-type=\"container\">\n\t\t\t\t<div class=\"elementor-element elementor-element-1fe843f elementor-widget elementor-widget-text-editor\" data-id=\"1fe843f\" data-element_type=\"widget\" data-e-type=\"widget\" data-widget_type=\"text-editor.default\">\n\t\t\t\t<div class=\"elementor-widget-container\">\n\t\t\t\t\t\t\t\t\t<p>Liebe (ehemalige) Dreckspatzen,<\/p>\n<p>wir m\u00f6chten uns bei Euch f\u00fcr die zahlreichen Spenden zum Jubil\u00e4um bedanken. \ud83d\ude42<\/p>\n<p>Auf Grund der vielen Spenden konnten wir gr\u00f6\u00dfere Anschaffungen t\u00e4tigen und somit den Kindern mit zus\u00e4tzlichen p\u00e4dagogischen Projekten eine gro\u00dfe Freude bereiten. \ud83d\ude42<\/p>\n<p><span style=\"text-decoration: underline;\">Das Kita-Team sagt:<\/span> <strong>DANKESCH\u00d6N &amp; Einmal Dreckspatz, Immer Dreckspatz!<\/strong><\/p>\t\t\t\t\t\t\t\t<\/div>\n\t\t\t\t<\/div>\n\t\t\t\t<\/div>\n\t\t\t\t\t<\/div>\n\t\t\t\t<\/div>\n\t\t\t\t<\/div>","protected":false},"excerpt":{"rendered":"<p>Mitmachen und Spenden Die Dreckspatzen freuen sich immer \u00fcber jegliche Geld- und Sachspenden. F\u00fcr Ihre\/ eure Spende verwendet bitte folgende Kontoverbindung: Empf\u00e4nger: Kindertagesst\u00e4tte Dreckspatz e.V. Bank: Kreissparkasse K\u00f6ln IBAN: DE52 3705 0299 0365 5542 59 BIC: COKSDE33XXX Verwendungszweck: Spende (+ Name und Adresse f\u00fcr die Spendenquittung) Sachspenden nehmen wir sehr gerne vorab via Fotos per [&hellip;]<\/p>\n","protected":false},"author":1,"featured_media":0,"parent":0,"menu_order":0,"comment_status":"closed","ping_status":"closed","template":"","meta":{"footnotes":""},"class_list":["post-1413","page","type-page","status-publish","hentry"],"yoast_head":"<!-- This site is optimized with the Yoast SEO plugin v27.4 - https:\/\/yoast.com\/product\/yoast-seo-wordpress\/ -->\n<title>Mitmachen &amp; Spenden - KITA Dreckspatz<\/title>\n<meta name=\"robots\" content=\"index, follow, max-snippet:-1, max-image-preview:large, max-video-preview:-1\" \/>\n<link rel=\"canonical\" href=\"https:\/\/kita-dreckspatz.de\/en\/mitmachen-spenden\/\" \/>\n<meta property=\"og:locale\" content=\"en_US\" \/>\n<meta property=\"og:type\" content=\"article\" \/>\n<meta property=\"og:title\" content=\"Mitmachen &amp; Spenden - KITA Dreckspatz\" \/>\n<meta property=\"og:description\" content=\"Mitmachen und Spenden Die Dreckspatzen freuen sich immer \u00fcber jegliche Geld- und Sachspenden. F\u00fcr Ihre\/ eure Spende verwendet bitte folgende Kontoverbindung: Empf\u00e4nger: Kindertagesst\u00e4tte Dreckspatz e.V. Bank: Kreissparkasse K\u00f6ln IBAN: DE52 3705 0299 0365 5542 59 BIC: COKSDE33XXX Verwendungszweck: Spende (+ Name und Adresse f\u00fcr die Spendenquittung) Sachspenden nehmen wir sehr gerne vorab via Fotos per [&hellip;]\" \/>\n<meta property=\"og:url\" content=\"https:\/\/kita-dreckspatz.de\/en\/mitmachen-spenden\/\" \/>\n<meta property=\"og:site_name\" content=\"KITA Dreckspatz\" \/>\n<meta property=\"article:modified_time\" content=\"2024-03-13T05:50:30+00:00\" \/>\n<meta property=\"og:image\" content=\"https:\/\/kita-dreckspatz.de\/wp-content\/uploads\/2024\/01\/paypal-784404_640.png\" \/>\n<meta name=\"twitter:card\" content=\"summary_large_image\" \/>\n<meta name=\"twitter:label1\" content=\"Est. reading time\" \/>\n\t<meta name=\"twitter:data1\" content=\"2 minutes\" \/>\n<script type=\"application\/ld+json\" class=\"yoast-schema-graph\">{\"@context\":\"https:\\\/\\\/schema.org\",\"@graph\":[{\"@type\":\"WebPage\",\"@id\":\"https:\\\/\\\/kita-dreckspatz.de\\\/mitmachen-spenden\\\/\",\"url\":\"https:\\\/\\\/kita-dreckspatz.de\\\/mitmachen-spenden\\\/\",\"name\":\"Mitmachen & Spenden - KITA Dreckspatz\",\"isPartOf\":{\"@id\":\"https:\\\/\\\/kita-dreckspatz.de\\\/#website\"},\"primaryImageOfPage\":{\"@id\":\"https:\\\/\\\/kita-dreckspatz.de\\\/mitmachen-spenden\\\/#primaryimage\"},\"image\":{\"@id\":\"https:\\\/\\\/kita-dreckspatz.de\\\/mitmachen-spenden\\\/#primaryimage\"},\"thumbnailUrl\":\"https:\\\/\\\/kita-dreckspatz.de\\\/wp-content\\\/uploads\\\/2024\\\/01\\\/paypal-784404_640.png\",\"datePublished\":\"2023-01-12T09:50:36+00:00\",\"dateModified\":\"2024-03-13T05:50:30+00:00\",\"breadcrumb\":{\"@id\":\"https:\\\/\\\/kita-dreckspatz.de\\\/mitmachen-spenden\\\/#breadcrumb\"},\"inLanguage\":\"en-US\",\"potentialAction\":[{\"@type\":\"ReadAction\",\"target\":[\"https:\\\/\\\/kita-dreckspatz.de\\\/mitmachen-spenden\\\/\"]}]},{\"@type\":\"ImageObject\",\"inLanguage\":\"en-US\",\"@id\":\"https:\\\/\\\/kita-dreckspatz.de\\\/mitmachen-spenden\\\/#primaryimage\",\"url\":\"https:\\\/\\\/kita-dreckspatz.de\\\/wp-content\\\/uploads\\\/2024\\\/01\\\/paypal-784404_640.png\",\"contentUrl\":\"https:\\\/\\\/kita-dreckspatz.de\\\/wp-content\\\/uploads\\\/2024\\\/01\\\/paypal-784404_640.png\"},{\"@type\":\"BreadcrumbList\",\"@id\":\"https:\\\/\\\/kita-dreckspatz.de\\\/mitmachen-spenden\\\/#breadcrumb\",\"itemListElement\":[{\"@type\":\"ListItem\",\"position\":1,\"name\":\"Startseite\",\"item\":\"https:\\\/\\\/kita-dreckspatz.de\\\/\"},{\"@type\":\"ListItem\",\"position\":2,\"name\":\"Mitmachen &#038; Spenden\"}]},{\"@type\":\"WebSite\",\"@id\":\"https:\\\/\\\/kita-dreckspatz.de\\\/#website\",\"url\":\"https:\\\/\\\/kita-dreckspatz.de\\\/\",\"name\":\"KITA Dreckspatz\",\"description\":\"\",\"publisher\":{\"@id\":\"https:\\\/\\\/kita-dreckspatz.de\\\/#organization\"},\"potentialAction\":[{\"@type\":\"SearchAction\",\"target\":{\"@type\":\"EntryPoint\",\"urlTemplate\":\"https:\\\/\\\/kita-dreckspatz.de\\\/?s={search_term_string}\"},\"query-input\":{\"@type\":\"PropertyValueSpecification\",\"valueRequired\":true,\"valueName\":\"search_term_string\"}}],\"inLanguage\":\"en-US\"},{\"@type\":\"Organization\",\"@id\":\"https:\\\/\\\/kita-dreckspatz.de\\\/#organization\",\"name\":\"KITA Dreckspatz\",\"url\":\"https:\\\/\\\/kita-dreckspatz.de\\\/\",\"logo\":{\"@type\":\"ImageObject\",\"inLanguage\":\"en-US\",\"@id\":\"https:\\\/\\\/kita-dreckspatz.de\\\/#\\\/schema\\\/logo\\\/image\\\/\",\"url\":\"https:\\\/\\\/kita-dreckspatz.de\\\/wp-content\\\/uploads\\\/2022\\\/08\\\/kindergarten4_2.png\",\"contentUrl\":\"https:\\\/\\\/kita-dreckspatz.de\\\/wp-content\\\/uploads\\\/2022\\\/08\\\/kindergarten4_2.png\",\"width\":164,\"height\":62,\"caption\":\"KITA Dreckspatz\"},\"image\":{\"@id\":\"https:\\\/\\\/kita-dreckspatz.de\\\/#\\\/schema\\\/logo\\\/image\\\/\"}}]}<\/script>\n<!-- \/ Yoast SEO plugin. -->","yoast_head_json":{"title":"Mitmachen & Spenden - KITA Dreckspatz","robots":{"index":"index","follow":"follow","max-snippet":"max-snippet:-1","max-image-preview":"max-image-preview:large","max-video-preview":"max-video-preview:-1"},"canonical":"https:\/\/kita-dreckspatz.de\/en\/mitmachen-spenden\/","og_locale":"en_US","og_type":"article","og_title":"Mitmachen & Spenden - KITA Dreckspatz","og_description":"Mitmachen und Spenden Die Dreckspatzen freuen sich immer \u00fcber jegliche Geld- und Sachspenden. F\u00fcr Ihre\/ eure Spende verwendet bitte folgende Kontoverbindung: Empf\u00e4nger: Kindertagesst\u00e4tte Dreckspatz e.V. Bank: Kreissparkasse K\u00f6ln IBAN: DE52 3705 0299 0365 5542 59 BIC: COKSDE33XXX Verwendungszweck: Spende (+ Name und Adresse f\u00fcr die Spendenquittung) Sachspenden nehmen wir sehr gerne vorab via Fotos per [&hellip;]","og_url":"https:\/\/kita-dreckspatz.de\/en\/mitmachen-spenden\/","og_site_name":"KITA Dreckspatz","article_modified_time":"2024-03-13T05:50:30+00:00","og_image":[{"url":"https:\/\/kita-dreckspatz.de\/wp-content\/uploads\/2024\/01\/paypal-784404_640.png","type":"","width":"","height":""}],"twitter_card":"summary_large_image","twitter_misc":{"Est. reading time":"2 minutes"},"schema":{"@context":"https:\/\/schema.org","@graph":[{"@type":"WebPage","@id":"https:\/\/kita-dreckspatz.de\/mitmachen-spenden\/","url":"https:\/\/kita-dreckspatz.de\/mitmachen-spenden\/","name":"Mitmachen & Spenden - KITA Dreckspatz","isPartOf":{"@id":"https:\/\/kita-dreckspatz.de\/#website"},"primaryImageOfPage":{"@id":"https:\/\/kita-dreckspatz.de\/mitmachen-spenden\/#primaryimage"},"image":{"@id":"https:\/\/kita-dreckspatz.de\/mitmachen-spenden\/#primaryimage"},"thumbnailUrl":"https:\/\/kita-dreckspatz.de\/wp-content\/uploads\/2024\/01\/paypal-784404_640.png","datePublished":"2023-01-12T09:50:36+00:00","dateModified":"2024-03-13T05:50:30+00:00","breadcrumb":{"@id":"https:\/\/kita-dreckspatz.de\/mitmachen-spenden\/#breadcrumb"},"inLanguage":"en-US","potentialAction":[{"@type":"ReadAction","target":["https:\/\/kita-dreckspatz.de\/mitmachen-spenden\/"]}]},{"@type":"ImageObject","inLanguage":"en-US","@id":"https:\/\/kita-dreckspatz.de\/mitmachen-spenden\/#primaryimage","url":"https:\/\/kita-dreckspatz.de\/wp-content\/uploads\/2024\/01\/paypal-784404_640.png","contentUrl":"https:\/\/kita-dreckspatz.de\/wp-content\/uploads\/2024\/01\/paypal-784404_640.png"},{"@type":"BreadcrumbList","@id":"https:\/\/kita-dreckspatz.de\/mitmachen-spenden\/#breadcrumb","itemListElement":[{"@type":"ListItem","position":1,"name":"Startseite","item":"https:\/\/kita-dreckspatz.de\/"},{"@type":"ListItem","position":2,"name":"Mitmachen &#038; Spenden"}]},{"@type":"WebSite","@id":"https:\/\/kita-dreckspatz.de\/#website","url":"https:\/\/kita-dreckspatz.de\/","name":"KITA Dreckspatz","description":"","publisher":{"@id":"https:\/\/kita-dreckspatz.de\/#organization"},"potentialAction":[{"@type":"SearchAction","target":{"@type":"EntryPoint","urlTemplate":"https:\/\/kita-dreckspatz.de\/?s={search_term_string}"},"query-input":{"@type":"PropertyValueSpecification","valueRequired":true,"valueName":"search_term_string"}}],"inLanguage":"en-US"},{"@type":"Organization","@id":"https:\/\/kita-dreckspatz.de\/#organization","name":"KITA Dreckspatz","url":"https:\/\/kita-dreckspatz.de\/","logo":{"@type":"ImageObject","inLanguage":"en-US","@id":"https:\/\/kita-dreckspatz.de\/#\/schema\/logo\/image\/","url":"https:\/\/kita-dreckspatz.de\/wp-content\/uploads\/2022\/08\/kindergarten4_2.png","contentUrl":"https:\/\/kita-dreckspatz.de\/wp-content\/uploads\/2022\/08\/kindergarten4_2.png","width":164,"height":62,"caption":"KITA Dreckspatz"},"image":{"@id":"https:\/\/kita-dreckspatz.de\/#\/schema\/logo\/image\/"}}]}},"_links":{"self":[{"href":"https:\/\/kita-dreckspatz.de\/en\/wp-json\/wp\/v2\/pages\/1413","targetHints":{"allow":["GET"]}}],"collection":[{"href":"https:\/\/kita-dreckspatz.de\/en\/wp-json\/wp\/v2\/pages"}],"about":[{"href":"https:\/\/kita-dreckspatz.de\/en\/wp-json\/wp\/v2\/types\/page"}],"author":[{"embeddable":true,"href":"https:\/\/kita-dreckspatz.de\/en\/wp-json\/wp\/v2\/users\/1"}],"replies":[{"embeddable":true,"href":"https:\/\/kita-dreckspatz.de\/en\/wp-json\/wp\/v2\/comments?post=1413"}],"version-history":[{"count":61,"href":"https:\/\/kita-dreckspatz.de\/en\/wp-json\/wp\/v2\/pages\/1413\/revisions"}],"predecessor-version":[{"id":1847,"href":"https:\/\/kita-dreckspatz.de\/en\/wp-json\/wp\/v2\/pages\/1413\/revisions\/1847"}],"wp:attachment":[{"href":"https:\/\/kita-dreckspatz.de\/en\/wp-json\/wp\/v2\/media?parent=1413"}],"curies":[{"name":"wp","href":"https:\/\/api.w.org\/{rel}","templated":true}]}}